{"id":417,"date":"2024-08-22T10:17:45","date_gmt":"2024-08-22T08:17:45","guid":{"rendered":"https:\/\/sisisoftware.es\/?post_type=product&#038;p=417"},"modified":"2025-06-07T17:11:04","modified_gmt":"2025-06-07T15:11:04","slug":"joglight","status":"publish","type":"product","link":"https:\/\/sisisoftware.es\/it\/prodotto\/joglight\/","title":{"rendered":"JOGLIGHT"},"content":{"rendered":"<p>Abbonamento gestionale JOG LIGHT<\/p>\n<p>\u20ac15,83\/mese fatturato annualmente: \u20ac190\/anno (due mesi gratis)<br \/>\n\u20ac19,00\/mese fatturato mensilmente<\/p>\n<p>Limite di 1000 documenti\/anno 1000 clienti\/fornitori\/articoli<\/p>\n","protected":false},"excerpt":{"rendered":"<h2>JOGLIGHT GESTIONALE<\/h2>\n<h3>Il software di fatturazione che ti fa risparmiare tempo<\/h3>\n<p>JOG rende la fatturazione della tua azienda cos\u00ec semplice che ti permette di concentrarti sul fare ci\u00f2 che ami del tuo lavoro<\/p>\n<h3>Crea fatture professionali in pochi secondi<\/h3>\n<p>JOG rende veramente facile la creazione di fatture professionali per la tua azienda. Infatti, \u00e8 molto semplice personalizzare le tue fatture, aggiungere il tuo logo e la intestazione con i tuoi dati aziendali. I tuoi clienti saranno stupiti.<br \/>\nIn meno di un secondo avrai il PDF della tua fattura o potrai inviarlo direttamente alla Email del tuo cliente direttamente dal gestionale.<br \/>\nGestisci fatture con numerazione diversa? Con JOG potrai generare diverse numerazioni per illimitati tipi di documento.<br \/>\nSei fuori sede e ti sei dimenticato di emettere o inviare una fattura a un cliente? Ti baster\u00e0 accedere a un computer o tablet con collegamento a internet e con le tue credenziali potrai creare e inviare immediatamente la fattura al tuo cliente.<\/p>\n<h3>Fatturazione differita con un click<\/h3>\n<p>Con un click potrai emettere le tue fatture differite con una anteprima che ti permetter\u00e0 visualizzare un elenco di tuti i documenti da generare diviso per cliente e modalit\u00e0 di pagamento e potrai anche escludere le fatture che desideri emettere in un secondo momento.<\/p>\n<h3>Compilazione automatica dell\u2019estratto conto<\/h3>\n<p>JOG ti far\u00e0 risparmiare tempo compilando automaticamente l\u2019estratto conto per farti avere un elenco sempre aggiornato con i saldi dei clienti. Quando ricevi un pagamento ti baster\u00e0 un click per indicarlo al sistema. E previsto anche l\u2019inserimento di pagamenti parziali.<br \/>\nSei fuori sede e non sai quanto ti deve un cliente? Ti baster\u00e0 l\u2019accesso a un computer e con le tue credenziali potrai accedere e consultare il saldo del cliente o meglio ancora, se scarichi l\u2019app gratuita per Android, iPhone o iPad una volta inserite le tue credenziali ti porterai i dati aggiornati sempre con te.<\/p>\n<h3>Compilazione automatica dello scadenzario<\/h3>\n<p>Ti baster\u00e0 indicare la modalit\u00e0 di pagamento che il gestionale compiler\u00e0 automaticamente le scadenze che ovviamente potrai modificare indicando una data diversa e potrai generare il file per inviare alla banca con le ricevute bancarie (cos\u00ec non dovrai inserirle manualmente una ad una)<\/p>\n<h3>Compilazione automatica della prima nota<\/h3>\n<p>JOG compila automaticamente la movimentazione di cassa e banca man mano che inserirai i pagamenti dovrai solamente indicare se movimenta la cassa o banca. Potrai confrontare giorno per giorno con l\u2019estratto conto della tua banca per non dimenticare di inserire nessun pagamento e mantenere aggiornati i pagamenti, saldi e prima nota.<br \/>\nPotrai visualizzare la prima nota mensile o per il periodo desiderato e avrai sempre i saldi, giorno per giorno, movimento per movimento.<\/p>\n<h3>Gestione automatica del magazzino<\/h3>\n<p>JOG rende automatica la gestione del magazzino. Dovrai solamente indicare quale prodotto movimenta il magazzino e quale no e man mano che generi le fatture si aggiorner\u00e0 il magazzino. Hai pi\u00f9 di un magazzino? Non \u00e8 un problema, JOG gestisce fino a 100.000 diversi magazzini o negozi!<br \/>\nPotrai sapere con certezza che quantit\u00e0 avevi di un determinato prodotto in un determinato giorno o scoprire tutti i prodotti che avevi nel magazzino in un determinato giorno con un click in tempo record e senza sforzi.<br \/>\nIl magazzino si aggiorna automaticamente se modifichi una fattura o se viene cancellata, tutto in modo trasparente e immediato. In poco tempo ti sembrer\u00e0 tutto naturale e ti chiederai come mai hai perso cos\u00ec tanto tempo prima di usare JOG.<\/p>\n<h3>Reports chiari e dettagliati di analisi andamento aziendale<\/h3>\n<p>Consultare i prodotti pi\u00f9 venduti in un determinato periodo o consultare il fatturato a clienti non \u00e8 stato mai cos\u00ec facile.<br \/>\nJOG ti permette di comparare l\u2019andamento del fatturato ed effettuare delle comparative mese per mese o trimestralmente, sia con il fatturato dell\u2019anno in corso e tutti gli anni precedenti. Con un click potrai confrontare l\u2019andamento dal calcolo dell\u2019IVA acquisti e vendite diviso per aliquota. Baster\u00e0 indicare il cliente per scoprire i prodotti che ha acquistato in un determinato periodo o un elenco giorno per giorno degli articoli acquistati.<br \/>\nA portata di click troverai anche il fatturato totale diviso per cliente o l\u2019elenco delle fatture divise per cliente in un determinato periodo.<\/p>\n<p>&nbsp;<\/p>\n","protected":false},"featured_media":467,"template":"","meta":{"inline_featured_image":false},"product_brand":[],"product_cat":[],"product_tag":[],"class_list":{"0":"post-417","1":"product","2":"type-product","3":"status-publish","4":"has-post-thumbnail","6":"tm-has-options","8":"first","9":"instock","10":"taxable","11":"shipping-taxable","12":"purchasable","13":"product-type-variable-subscription"},"yoast_head":"<!-- This site is optimized with the Yoast SEO plugin v27.4 - https:\/\/yoast.com\/product\/yoast-seo-wordpress\/ -->\n<title>JOGLIGHT - Realizzazione siti web<\/title>\n<meta name=\"description\" content=\"Il software di fatturazione che ti fa risparmiare tempo e rende la fatturazione cos\u00ec semplice che ti permette di concentrarti sul tuo lavoro\" \/>\n<meta name=\"robots\" content=\"index, follow, max-snippet:-1, max-image-preview:large, max-video-preview:-1\" \/>\n<link rel=\"canonical\" href=\"https:\/\/sisisoftware.es\/it\/prodotto\/joglight\/\" \/>\n<meta property=\"og:locale\" content=\"it_IT\" \/>\n<meta property=\"og:type\" content=\"article\" \/>\n<meta property=\"og:title\" content=\"JOGLIGHT - Realizzazione siti web\" \/>\n<meta property=\"og:description\" content=\"Il software di fatturazione che ti fa risparmiare tempo e rende la fatturazione cos\u00ec semplice che ti permette di concentrarti sul tuo lavoro\" \/>\n<meta property=\"og:url\" content=\"https:\/\/sisisoftware.es\/it\/prodotto\/joglight\/\" \/>\n<meta property=\"og:site_name\" content=\"Realizzazione siti web\" \/>\n<meta property=\"article:publisher\" content=\"https:\/\/www.facebook.com\/sisisoftwareES\" \/>\n<meta property=\"article:modified_time\" content=\"2025-06-07T15:11:04+00:00\" \/>\n<meta property=\"og:image\" content=\"https:\/\/sisisoftware.es\/wp-content\/uploads\/2024\/08\/JOG-Gestionale-VERSIONI-JOG-LIGHT.png\" \/>\n\t<meta property=\"og:image:width\" content=\"2000\" \/>\n\t<meta property=\"og:image:height\" content=\"2000\" \/>\n\t<meta property=\"og:image:type\" content=\"image\/png\" \/>\n<meta name=\"twitter:card\" content=\"summary_large_image\" \/>\n<meta name=\"twitter:label1\" content=\"Tempo di lettura stimato\" \/>\n\t<meta name=\"twitter:data1\" content=\"1 minuto\" \/>\n<script type=\"application\/ld+json\" class=\"yoast-schema-graph\">{\"@context\":\"https:\\\/\\\/schema.org\",\"@graph\":[{\"@type\":\"WebPage\",\"@id\":\"https:\\\/\\\/sisisoftware.es\\\/it\\\/prodotto\\\/joglight\\\/\",\"url\":\"https:\\\/\\\/sisisoftware.es\\\/it\\\/prodotto\\\/joglight\\\/\",\"name\":\"JOGLIGHT - Realizzazione siti web\",\"isPartOf\":{\"@id\":\"https:\\\/\\\/sisisoftware.es\\\/it\\\/#website\"},\"primaryImageOfPage\":{\"@id\":\"https:\\\/\\\/sisisoftware.es\\\/it\\\/prodotto\\\/joglight\\\/#primaryimage\"},\"image\":{\"@id\":\"https:\\\/\\\/sisisoftware.es\\\/it\\\/prodotto\\\/joglight\\\/#primaryimage\"},\"thumbnailUrl\":\"https:\\\/\\\/sisisoftware.es\\\/wp-content\\\/uploads\\\/2024\\\/08\\\/JOG-Gestionale-VERSIONI-JOG-LIGHT.png\",\"datePublished\":\"2024-08-22T08:17:45+00:00\",\"dateModified\":\"2025-06-07T15:11:04+00:00\",\"description\":\"Il software di fatturazione che ti fa risparmiare tempo e rende la fatturazione cos\u00ec semplice che ti permette di concentrarti sul tuo lavoro\",\"breadcrumb\":{\"@id\":\"https:\\\/\\\/sisisoftware.es\\\/it\\\/prodotto\\\/joglight\\\/#breadcrumb\"},\"inLanguage\":\"it-IT\",\"potentialAction\":[{\"@type\":\"ReadAction\",\"target\":[\"https:\\\/\\\/sisisoftware.es\\\/it\\\/prodotto\\\/joglight\\\/\"]}]},{\"@type\":\"ImageObject\",\"inLanguage\":\"it-IT\",\"@id\":\"https:\\\/\\\/sisisoftware.es\\\/it\\\/prodotto\\\/joglight\\\/#primaryimage\",\"url\":\"https:\\\/\\\/sisisoftware.es\\\/wp-content\\\/uploads\\\/2024\\\/08\\\/JOG-Gestionale-VERSIONI-JOG-LIGHT.png\",\"contentUrl\":\"https:\\\/\\\/sisisoftware.es\\\/wp-content\\\/uploads\\\/2024\\\/08\\\/JOG-Gestionale-VERSIONI-JOG-LIGHT.png\",\"width\":2000,\"height\":2000},{\"@type\":\"BreadcrumbList\",\"@id\":\"https:\\\/\\\/sisisoftware.es\\\/it\\\/prodotto\\\/joglight\\\/#breadcrumb\",\"itemListElement\":[{\"@type\":\"ListItem\",\"position\":1,\"name\":\"Portada\",\"item\":\"https:\\\/\\\/sisisoftware.es\\\/it\\\/\"},{\"@type\":\"ListItem\",\"position\":2,\"name\":\"Negozio\",\"item\":\"https:\\\/\\\/sisisoftware.es\\\/it\\\/negozio\\\/\"},{\"@type\":\"ListItem\",\"position\":3,\"name\":\"JOGLIGHT\"}]},{\"@type\":\"WebSite\",\"@id\":\"https:\\\/\\\/sisisoftware.es\\\/it\\\/#website\",\"url\":\"https:\\\/\\\/sisisoftware.es\\\/it\\\/\",\"name\":\"Realizzazione siti web\",\"description\":\"Visibilit\u00e0 online per il tuo business\",\"publisher\":{\"@id\":\"https:\\\/\\\/sisisoftware.es\\\/it\\\/#organization\"},\"potentialAction\":[{\"@type\":\"SearchAction\",\"target\":{\"@type\":\"EntryPoint\",\"urlTemplate\":\"https:\\\/\\\/sisisoftware.es\\\/it\\\/?s={search_term_string}\"},\"query-input\":{\"@type\":\"PropertyValueSpecification\",\"valueRequired\":true,\"valueName\":\"search_term_string\"}}],\"inLanguage\":\"it-IT\"},{\"@type\":\"Organization\",\"@id\":\"https:\\\/\\\/sisisoftware.es\\\/it\\\/#organization\",\"name\":\"SISI Software Gand\u00eda (Valencia)\",\"url\":\"https:\\\/\\\/sisisoftware.es\\\/it\\\/\",\"logo\":{\"@type\":\"ImageObject\",\"inLanguage\":\"it-IT\",\"@id\":\"https:\\\/\\\/sisisoftware.es\\\/it\\\/#\\\/schema\\\/logo\\\/image\\\/\",\"url\":\"https:\\\/\\\/sisisoftware.es\\\/wp-content\\\/uploads\\\/2023\\\/05\\\/SISI_logo_ES_esteso.png\",\"contentUrl\":\"https:\\\/\\\/sisisoftware.es\\\/wp-content\\\/uploads\\\/2023\\\/05\\\/SISI_logo_ES_esteso.png\",\"width\":1000,\"height\":288,\"caption\":\"SISI Software Gand\u00eda (Valencia)\"},\"image\":{\"@id\":\"https:\\\/\\\/sisisoftware.es\\\/it\\\/#\\\/schema\\\/logo\\\/image\\\/\"},\"sameAs\":[\"https:\\\/\\\/www.facebook.com\\\/sisisoftwareES\",\"https:\\\/\\\/www.instagram.com\\\/sisisoftware_espanol\\\/\"]}]}<\/script>\n<!-- \/ Yoast SEO plugin. -->","yoast_head_json":{"title":"JOGLIGHT - Realizzazione siti web","description":"Il software di fatturazione che ti fa risparmiare tempo e rende la fatturazione cos\u00ec semplice che ti permette di concentrarti sul tuo lavoro","robots":{"index":"index","follow":"follow","max-snippet":"max-snippet:-1","max-image-preview":"max-image-preview:large","max-video-preview":"max-video-preview:-1"},"canonical":"https:\/\/sisisoftware.es\/it\/prodotto\/joglight\/","og_locale":"it_IT","og_type":"article","og_title":"JOGLIGHT - Realizzazione siti web","og_description":"Il software di fatturazione che ti fa risparmiare tempo e rende la fatturazione cos\u00ec semplice che ti permette di concentrarti sul tuo lavoro","og_url":"https:\/\/sisisoftware.es\/it\/prodotto\/joglight\/","og_site_name":"Realizzazione siti web","article_publisher":"https:\/\/www.facebook.com\/sisisoftwareES","article_modified_time":"2025-06-07T15:11:04+00:00","og_image":[{"width":2000,"height":2000,"url":"https:\/\/sisisoftware.es\/wp-content\/uploads\/2024\/08\/JOG-Gestionale-VERSIONI-JOG-LIGHT.png","type":"image\/png"}],"twitter_card":"summary_large_image","twitter_misc":{"Tempo di lettura stimato":"1 minuto"},"schema":{"@context":"https:\/\/schema.org","@graph":[{"@type":"WebPage","@id":"https:\/\/sisisoftware.es\/it\/prodotto\/joglight\/","url":"https:\/\/sisisoftware.es\/it\/prodotto\/joglight\/","name":"JOGLIGHT - Realizzazione siti web","isPartOf":{"@id":"https:\/\/sisisoftware.es\/it\/#website"},"primaryImageOfPage":{"@id":"https:\/\/sisisoftware.es\/it\/prodotto\/joglight\/#primaryimage"},"image":{"@id":"https:\/\/sisisoftware.es\/it\/prodotto\/joglight\/#primaryimage"},"thumbnailUrl":"https:\/\/sisisoftware.es\/wp-content\/uploads\/2024\/08\/JOG-Gestionale-VERSIONI-JOG-LIGHT.png","datePublished":"2024-08-22T08:17:45+00:00","dateModified":"2025-06-07T15:11:04+00:00","description":"Il software di fatturazione che ti fa risparmiare tempo e rende la fatturazione cos\u00ec semplice che ti permette di concentrarti sul tuo lavoro","breadcrumb":{"@id":"https:\/\/sisisoftware.es\/it\/prodotto\/joglight\/#breadcrumb"},"inLanguage":"it-IT","potentialAction":[{"@type":"ReadAction","target":["https:\/\/sisisoftware.es\/it\/prodotto\/joglight\/"]}]},{"@type":"ImageObject","inLanguage":"it-IT","@id":"https:\/\/sisisoftware.es\/it\/prodotto\/joglight\/#primaryimage","url":"https:\/\/sisisoftware.es\/wp-content\/uploads\/2024\/08\/JOG-Gestionale-VERSIONI-JOG-LIGHT.png","contentUrl":"https:\/\/sisisoftware.es\/wp-content\/uploads\/2024\/08\/JOG-Gestionale-VERSIONI-JOG-LIGHT.png","width":2000,"height":2000},{"@type":"BreadcrumbList","@id":"https:\/\/sisisoftware.es\/it\/prodotto\/joglight\/#breadcrumb","itemListElement":[{"@type":"ListItem","position":1,"name":"Portada","item":"https:\/\/sisisoftware.es\/it\/"},{"@type":"ListItem","position":2,"name":"Negozio","item":"https:\/\/sisisoftware.es\/it\/negozio\/"},{"@type":"ListItem","position":3,"name":"JOGLIGHT"}]},{"@type":"WebSite","@id":"https:\/\/sisisoftware.es\/it\/#website","url":"https:\/\/sisisoftware.es\/it\/","name":"Realizzazione siti web","description":"Visibilit\u00e0 online per il tuo business","publisher":{"@id":"https:\/\/sisisoftware.es\/it\/#organization"},"potentialAction":[{"@type":"SearchAction","target":{"@type":"EntryPoint","urlTemplate":"https:\/\/sisisoftware.es\/it\/?s={search_term_string}"},"query-input":{"@type":"PropertyValueSpecification","valueRequired":true,"valueName":"search_term_string"}}],"inLanguage":"it-IT"},{"@type":"Organization","@id":"https:\/\/sisisoftware.es\/it\/#organization","name":"SISI Software Gand\u00eda (Valencia)","url":"https:\/\/sisisoftware.es\/it\/","logo":{"@type":"ImageObject","inLanguage":"it-IT","@id":"https:\/\/sisisoftware.es\/it\/#\/schema\/logo\/image\/","url":"https:\/\/sisisoftware.es\/wp-content\/uploads\/2023\/05\/SISI_logo_ES_esteso.png","contentUrl":"https:\/\/sisisoftware.es\/wp-content\/uploads\/2023\/05\/SISI_logo_ES_esteso.png","width":1000,"height":288,"caption":"SISI Software Gand\u00eda (Valencia)"},"image":{"@id":"https:\/\/sisisoftware.es\/it\/#\/schema\/logo\/image\/"},"sameAs":["https:\/\/www.facebook.com\/sisisoftwareES","https:\/\/www.instagram.com\/sisisoftware_espanol\/"]}]}},"_links":{"self":[{"href":"https:\/\/sisisoftware.es\/it\/wp-json\/wp\/v2\/product\/417","targetHints":{"allow":["GET"]}}],"collection":[{"href":"https:\/\/sisisoftware.es\/it\/wp-json\/wp\/v2\/product"}],"about":[{"href":"https:\/\/sisisoftware.es\/it\/wp-json\/wp\/v2\/types\/product"}],"wp:featuredmedia":[{"embeddable":true,"href":"https:\/\/sisisoftware.es\/it\/wp-json\/wp\/v2\/media\/467"}],"wp:attachment":[{"href":"https:\/\/sisisoftware.es\/it\/wp-json\/wp\/v2\/media?parent=417"}],"wp:term":[{"taxonomy":"product_brand","embeddable":true,"href":"https:\/\/sisisoftware.es\/it\/wp-json\/wp\/v2\/product_brand?post=417"},{"taxonomy":"product_cat","embeddable":true,"href":"https:\/\/sisisoftware.es\/it\/wp-json\/wp\/v2\/product_cat?post=417"},{"taxonomy":"product_tag","embeddable":true,"href":"https:\/\/sisisoftware.es\/it\/wp-json\/wp\/v2\/product_tag?post=417"}],"curies":[{"name":"wp","href":"https:\/\/api.w.org\/{rel}","templated":true}]}}