{"id":269,"date":"2023-05-19T15:02:41","date_gmt":"2023-05-19T13:02:41","guid":{"rendered":"https:\/\/test.sisisoftware.uy\/sisi-es-wpml\/product\/plan-bronce-mensual\/"},"modified":"2025-06-07T17:06:55","modified_gmt":"2025-06-07T15:06:55","slug":"abbonamento-bronzo-mensile","status":"publish","type":"product","link":"https:\/\/sisisoftware.es\/it\/prodotto\/abbonamento-bronzo-mensile\/","title":{"rendered":"Abbonamento Bronzo Mensile"},"content":{"rendered":"<h1>Creazione di pagina web abbonamento Bronzo mensile<\/h1>\n<h2>L&#8217;essenziale per la presenza online del tuo business<\/h2>\n<p>&nbsp;<\/p>\n<p>Incluso nel piano Bronzo mensile:<\/p>\n<ul>\n<li>Dominio .it con il nome del tuo business<\/li>\n<li>Creazione e design di una p\u00e1gina web (OnePage) per il tuo business<\/li>\n<li>Hosting della tua pagina web sui nostri server di ultima generazione per fare che la tua pagina carichi velocemente<\/li>\n<li>Certificato di sicurezza SSL per fare che la tua pagina web sia sicura<\/li>\n<li>Aggiornamenti tecnici e di sicurezza<\/li>\n<li>Copie di sicurezza giornaliere con storico di due settimane<\/li>\n<\/ul>\n<p>&nbsp;<\/p>\n","protected":false},"excerpt":{"rendered":"<p><strong>Perch\u00e9 ho bisogno di un sito web?<\/strong><\/p>\n<p>Ogni giorno vengono effettuate su internet pi\u00f9 di 6.000 milioni di ricerche di prodotti o servizi di persone che vogliono soddisfare un bisogno.<\/p>\n<p>Molti di loro stanno cercando i tuoi prodotti o i servizi che offri.<\/p>\n<p><strong>Il mio sito avr\u00e0 un bell&#8217;aspetto sui dispositivi mobili?<\/strong><\/p>\n<p>Il tuo nuovo sito web avr\u00e0 un bell&#8217;aspetto dal computer, dai tablet e dal cellulare. Il tuo sito web sar\u00e0 responsive.<\/p>\n<p><strong>Sei presente dove i tuoi potenziali clienti ti stanno cercando?<\/strong><\/p>\n<p>Il nostro team ti porta dove devi essere per essere trovato dai tuoi clienti sviluppando un sito web moderno e professionale in grado di catturare l&#8217;interesse dei tuoi potenziali clienti.<\/p>\n<p><strong>Perch\u00e9 scegliere noi?<\/strong><\/p>\n<p>Con pi\u00f9 di 20 anni nel settore e pi\u00f9 di 1.000 clienti in Italia, Spagna e Sud America, possiamo definirci un&#8217;azienda consolidata. Il fatto di avere clienti in pi\u00f9 paesi ci fa crescere e avere pi\u00f9 punti di vista, permettendoci di offrire diverse soluzioni per lo stesso problema, dalla registrazione o trasferimento del dominio (di vostra propriet\u00e0) alla creazione delle vostre caselle di posta che di cui hai bisogno per l&#8217;hosting sui nostri server proprietari all&#8217;avanguardia.<\/p>\n<p><strong>Il dominio sar\u00e0 di mia propriet\u00e0?<\/strong><\/p>\n<p>Il dominio in cui sar\u00e0 la tua pagina sar\u00e0 di tua propriet\u00e0 fin dall&#8217;inizio e potrai portarlo dove vuoi il giorno che vuoi.<\/p>\n<p><strong>Il design della pagina sar\u00e0 di mia propriet\u00e0?<\/strong><\/p>\n<p>Il design della pagina non sar\u00e0 di tua propriet\u00e0 poich\u00e9 quello che offriamo \u00e8 un servizio con un abbonamento mensile, quindi non puoi portarlo con te e ospitarlo altrove.<\/p>\n<p><strong>Cosa succede dopo aver effettuato il primo pagamento?<\/strong><\/p>\n<p>Una volta effettuato il primo pagamento, ti contatteremo per comunicarci il nome della tua attivit\u00e0 e per inviarci il logo della tua attivit\u00e0 se ne hai uno, dei testi che spiegano di cosa tratta la tua attivit\u00e0, indirizzo, numero di telefono ed eventualmente un numero di cellulare in modo che i clienti possano comunicare con la tua attivit\u00e0 direttamente con WhatsApp. Una volta che abbiamo tutto in nostro potere, iniziamo a progettare la tua pagina web professionale e ti invieremo un campione di come viene presentata la tua pagina web il prima possibile in modo che tu possa correggere del testo se necessario. Una volta corretta e accettata mettiamo online il tuo sito web visibile a tutto il mondo.<\/p>\n<p>&nbsp;<\/p>\n<p><strong>Posso cancellare il mio abbonamento quando voglio?<\/strong><\/p>\n<p>S\u00ec, in qualsiasi momento tu voglia puoi disdire il tuo abbonamento e il tuo sito web non sar\u00e0 pi\u00f9 visibile sul web.<\/p>\n<p><strong>Cosa succede se non pago una rata mensile?<\/strong><\/p>\n<p>Nel caso in cui tu abbia avuto un problema con la tua carta di credito, basta avvisarci e riproveremo a richiedere il pagamento della rata mensile.<\/p>\n<p>Nel caso in cui non effettui il pagamento, la tua pagina non sar\u00e0 pi\u00f9 visibile sul web.<\/p>\n","protected":false},"featured_media":0,"template":"","meta":{"inline_featured_image":false},"product_brand":[],"product_cat":[26],"product_tag":[],"class_list":{"0":"post-269","1":"product","2":"type-product","3":"status-publish","5":"product_cat-planesmensuales-it","6":"tm-has-options","8":"first","9":"instock","10":"virtual","11":"sold-individually","12":"taxable","13":"purchasable","14":"product-type-subscription"},"yoast_head":"<!-- This site is optimized with the Yoast SEO plugin v27.4 - https:\/\/yoast.com\/product\/yoast-seo-wordpress\/ -->\n<title>Abbonamento Bronzo Mensile - Realizzazione siti web<\/title>\n<meta name=\"robots\" content=\"index, follow, max-snippet:-1, max-image-preview:large, max-video-preview:-1\" \/>\n<link rel=\"canonical\" href=\"https:\/\/sisisoftware.es\/it\/prodotto\/abbonamento-bronzo-mensile\/\" \/>\n<meta property=\"og:locale\" content=\"it_IT\" \/>\n<meta property=\"og:type\" content=\"article\" \/>\n<meta property=\"og:title\" content=\"Abbonamento Bronzo Mensile - Realizzazione siti web\" \/>\n<meta property=\"og:description\" content=\"Perch\u00e9 ho bisogno di un sito web?  Ogni giorno vengono effettuate su internet pi\u00f9 di 6.000 milioni di ricerche di prodotti o servizi di persone che vogliono soddisfare un bisogno.  Molti di loro stanno cercando i tuoi prodotti o i servizi che offri.  Il mio sito avr\u00e0 un bell&#039;aspetto sui dispositivi mobili?  Il tuo nuovo sito web avr\u00e0 un bell&#039;aspetto dal computer, dai tablet e dal cellulare. Il tuo sito web sar\u00e0 responsive.  Sei presente dove i tuoi potenziali clienti ti stanno cercando?  Il nostro team ti porta dove devi essere per essere trovato dai tuoi clienti sviluppando un sito web moderno e professionale in grado di catturare l&#039;interesse dei tuoi potenziali clienti.  Perch\u00e9 scegliere noi?  Con pi\u00f9 di 20 anni nel settore e pi\u00f9 di 1.000 clienti in Italia, Spagna e Sud America, possiamo definirci un&#039;azienda consolidata. Il fatto di avere clienti in pi\u00f9 paesi ci fa crescere e avere pi\u00f9 punti di vista, permettendoci di offrire diverse soluzioni per lo stesso problema, dalla registrazione o trasferimento del dominio (di vostra propriet\u00e0) alla creazione delle vostre caselle di posta che di cui hai bisogno per l&#039;hosting sui nostri server proprietari all&#039;avanguardia.  Il dominio sar\u00e0 di mia propriet\u00e0?  Il dominio in cui sar\u00e0 la tua pagina sar\u00e0 di tua propriet\u00e0 fin dall&#039;inizio e potrai portarlo dove vuoi il giorno che vuoi.  Il design della pagina sar\u00e0 di mia propriet\u00e0?  Il design della pagina non sar\u00e0 di tua propriet\u00e0 poich\u00e9 quello che offriamo \u00e8 un servizio con un abbonamento mensile, quindi non puoi portarlo con te e ospitarlo altrove.  Cosa succede dopo aver effettuato il primo pagamento?  Una volta effettuato il primo pagamento, ti contatteremo per comunicarci il nome della tua attivit\u00e0 e per inviarci il logo della tua attivit\u00e0 se ne hai uno, dei testi che spiegano di cosa tratta la tua attivit\u00e0, indirizzo, numero di telefono ed eventualmente un numero di cellulare in modo che i clienti possano comunicare con la tua attivit\u00e0 direttamente con WhatsApp. Una volta che abbiamo tutto in nostro potere, iniziamo a progettare la tua pagina web professionale e ti invieremo un campione di come viene presentata la tua pagina web il prima possibile in modo che tu possa correggere del testo se necessario. Una volta corretta e accettata mettiamo online il tuo sito web visibile a tutto il mondo.  &nbsp;  Posso cancellare il mio abbonamento quando voglio?  S\u00ec, in qualsiasi momento tu voglia puoi disdire il tuo abbonamento e il tuo sito web non sar\u00e0 pi\u00f9 visibile sul web.  Cosa succede se non pago una rata mensile?  Nel caso in cui tu abbia avuto un problema con la tua carta di credito, basta avvisarci e riproveremo a richiedere il pagamento della rata mensile.  Nel caso in cui non effettui il pagamento, la tua pagina non sar\u00e0 pi\u00f9 visibile sul web.\" \/>\n<meta property=\"og:url\" content=\"https:\/\/sisisoftware.es\/it\/prodotto\/abbonamento-bronzo-mensile\/\" \/>\n<meta property=\"og:site_name\" content=\"Realizzazione siti web\" \/>\n<meta property=\"article:publisher\" content=\"https:\/\/www.facebook.com\/sisisoftwareES\" \/>\n<meta property=\"article:modified_time\" content=\"2025-06-07T15:06:55+00:00\" \/>\n<meta name=\"twitter:card\" content=\"summary_large_image\" \/>\n<meta name=\"twitter:label1\" content=\"Tempo di lettura stimato\" \/>\n\t<meta name=\"twitter:data1\" content=\"1 minuto\" \/>\n<script type=\"application\/ld+json\" class=\"yoast-schema-graph\">{\"@context\":\"https:\\\/\\\/schema.org\",\"@graph\":[{\"@type\":\"WebPage\",\"@id\":\"https:\\\/\\\/sisisoftware.es\\\/it\\\/prodotto\\\/abbonamento-bronzo-mensile\\\/\",\"url\":\"https:\\\/\\\/sisisoftware.es\\\/it\\\/prodotto\\\/abbonamento-bronzo-mensile\\\/\",\"name\":\"Abbonamento Bronzo Mensile - Realizzazione siti web\",\"isPartOf\":{\"@id\":\"https:\\\/\\\/sisisoftware.es\\\/it\\\/#website\"},\"datePublished\":\"2023-05-19T13:02:41+00:00\",\"dateModified\":\"2025-06-07T15:06:55+00:00\",\"breadcrumb\":{\"@id\":\"https:\\\/\\\/sisisoftware.es\\\/it\\\/prodotto\\\/abbonamento-bronzo-mensile\\\/#breadcrumb\"},\"inLanguage\":\"it-IT\",\"potentialAction\":[{\"@type\":\"ReadAction\",\"target\":[\"https:\\\/\\\/sisisoftware.es\\\/it\\\/prodotto\\\/abbonamento-bronzo-mensile\\\/\"]}]},{\"@type\":\"BreadcrumbList\",\"@id\":\"https:\\\/\\\/sisisoftware.es\\\/it\\\/prodotto\\\/abbonamento-bronzo-mensile\\\/#breadcrumb\",\"itemListElement\":[{\"@type\":\"ListItem\",\"position\":1,\"name\":\"Portada\",\"item\":\"https:\\\/\\\/sisisoftware.es\\\/it\\\/\"},{\"@type\":\"ListItem\",\"position\":2,\"name\":\"Negozio\",\"item\":\"https:\\\/\\\/sisisoftware.es\\\/it\\\/negozio\\\/\"},{\"@type\":\"ListItem\",\"position\":3,\"name\":\"Abbonamento Bronzo Mensile\"}]},{\"@type\":\"WebSite\",\"@id\":\"https:\\\/\\\/sisisoftware.es\\\/it\\\/#website\",\"url\":\"https:\\\/\\\/sisisoftware.es\\\/it\\\/\",\"name\":\"Realizzazione siti web\",\"description\":\"Visibilit\u00e0 online per il tuo business\",\"publisher\":{\"@id\":\"https:\\\/\\\/sisisoftware.es\\\/it\\\/#organization\"},\"potentialAction\":[{\"@type\":\"SearchAction\",\"target\":{\"@type\":\"EntryPoint\",\"urlTemplate\":\"https:\\\/\\\/sisisoftware.es\\\/it\\\/?s={search_term_string}\"},\"query-input\":{\"@type\":\"PropertyValueSpecification\",\"valueRequired\":true,\"valueName\":\"search_term_string\"}}],\"inLanguage\":\"it-IT\"},{\"@type\":\"Organization\",\"@id\":\"https:\\\/\\\/sisisoftware.es\\\/it\\\/#organization\",\"name\":\"SISI Software Gand\u00eda (Valencia)\",\"url\":\"https:\\\/\\\/sisisoftware.es\\\/it\\\/\",\"logo\":{\"@type\":\"ImageObject\",\"inLanguage\":\"it-IT\",\"@id\":\"https:\\\/\\\/sisisoftware.es\\\/it\\\/#\\\/schema\\\/logo\\\/image\\\/\",\"url\":\"https:\\\/\\\/sisisoftware.es\\\/wp-content\\\/uploads\\\/2023\\\/05\\\/SISI_logo_ES_esteso.png\",\"contentUrl\":\"https:\\\/\\\/sisisoftware.es\\\/wp-content\\\/uploads\\\/2023\\\/05\\\/SISI_logo_ES_esteso.png\",\"width\":1000,\"height\":288,\"caption\":\"SISI Software Gand\u00eda (Valencia)\"},\"image\":{\"@id\":\"https:\\\/\\\/sisisoftware.es\\\/it\\\/#\\\/schema\\\/logo\\\/image\\\/\"},\"sameAs\":[\"https:\\\/\\\/www.facebook.com\\\/sisisoftwareES\",\"https:\\\/\\\/www.instagram.com\\\/sisisoftware_espanol\\\/\"]}]}<\/script>\n<!-- \/ Yoast SEO plugin. -->","yoast_head_json":{"title":"Abbonamento Bronzo Mensile - Realizzazione siti web","robots":{"index":"index","follow":"follow","max-snippet":"max-snippet:-1","max-image-preview":"max-image-preview:large","max-video-preview":"max-video-preview:-1"},"canonical":"https:\/\/sisisoftware.es\/it\/prodotto\/abbonamento-bronzo-mensile\/","og_locale":"it_IT","og_type":"article","og_title":"Abbonamento Bronzo Mensile - Realizzazione siti web","og_description":"Perch\u00e9 ho bisogno di un sito web?  Ogni giorno vengono effettuate su internet pi\u00f9 di 6.000 milioni di ricerche di prodotti o servizi di persone che vogliono soddisfare un bisogno.  Molti di loro stanno cercando i tuoi prodotti o i servizi che offri.  Il mio sito avr\u00e0 un bell'aspetto sui dispositivi mobili?  Il tuo nuovo sito web avr\u00e0 un bell'aspetto dal computer, dai tablet e dal cellulare. Il tuo sito web sar\u00e0 responsive.  Sei presente dove i tuoi potenziali clienti ti stanno cercando?  Il nostro team ti porta dove devi essere per essere trovato dai tuoi clienti sviluppando un sito web moderno e professionale in grado di catturare l'interesse dei tuoi potenziali clienti.  Perch\u00e9 scegliere noi?  Con pi\u00f9 di 20 anni nel settore e pi\u00f9 di 1.000 clienti in Italia, Spagna e Sud America, possiamo definirci un'azienda consolidata. Il fatto di avere clienti in pi\u00f9 paesi ci fa crescere e avere pi\u00f9 punti di vista, permettendoci di offrire diverse soluzioni per lo stesso problema, dalla registrazione o trasferimento del dominio (di vostra propriet\u00e0) alla creazione delle vostre caselle di posta che di cui hai bisogno per l'hosting sui nostri server proprietari all'avanguardia.  Il dominio sar\u00e0 di mia propriet\u00e0?  Il dominio in cui sar\u00e0 la tua pagina sar\u00e0 di tua propriet\u00e0 fin dall'inizio e potrai portarlo dove vuoi il giorno che vuoi.  Il design della pagina sar\u00e0 di mia propriet\u00e0?  Il design della pagina non sar\u00e0 di tua propriet\u00e0 poich\u00e9 quello che offriamo \u00e8 un servizio con un abbonamento mensile, quindi non puoi portarlo con te e ospitarlo altrove.  Cosa succede dopo aver effettuato il primo pagamento?  Una volta effettuato il primo pagamento, ti contatteremo per comunicarci il nome della tua attivit\u00e0 e per inviarci il logo della tua attivit\u00e0 se ne hai uno, dei testi che spiegano di cosa tratta la tua attivit\u00e0, indirizzo, numero di telefono ed eventualmente un numero di cellulare in modo che i clienti possano comunicare con la tua attivit\u00e0 direttamente con WhatsApp. Una volta che abbiamo tutto in nostro potere, iniziamo a progettare la tua pagina web professionale e ti invieremo un campione di come viene presentata la tua pagina web il prima possibile in modo che tu possa correggere del testo se necessario. Una volta corretta e accettata mettiamo online il tuo sito web visibile a tutto il mondo.  &nbsp;  Posso cancellare il mio abbonamento quando voglio?  S\u00ec, in qualsiasi momento tu voglia puoi disdire il tuo abbonamento e il tuo sito web non sar\u00e0 pi\u00f9 visibile sul web.  Cosa succede se non pago una rata mensile?  Nel caso in cui tu abbia avuto un problema con la tua carta di credito, basta avvisarci e riproveremo a richiedere il pagamento della rata mensile.  Nel caso in cui non effettui il pagamento, la tua pagina non sar\u00e0 pi\u00f9 visibile sul web.","og_url":"https:\/\/sisisoftware.es\/it\/prodotto\/abbonamento-bronzo-mensile\/","og_site_name":"Realizzazione siti web","article_publisher":"https:\/\/www.facebook.com\/sisisoftwareES","article_modified_time":"2025-06-07T15:06:55+00:00","twitter_card":"summary_large_image","twitter_misc":{"Tempo di lettura stimato":"1 minuto"},"schema":{"@context":"https:\/\/schema.org","@graph":[{"@type":"WebPage","@id":"https:\/\/sisisoftware.es\/it\/prodotto\/abbonamento-bronzo-mensile\/","url":"https:\/\/sisisoftware.es\/it\/prodotto\/abbonamento-bronzo-mensile\/","name":"Abbonamento Bronzo Mensile - Realizzazione siti web","isPartOf":{"@id":"https:\/\/sisisoftware.es\/it\/#website"},"datePublished":"2023-05-19T13:02:41+00:00","dateModified":"2025-06-07T15:06:55+00:00","breadcrumb":{"@id":"https:\/\/sisisoftware.es\/it\/prodotto\/abbonamento-bronzo-mensile\/#breadcrumb"},"inLanguage":"it-IT","potentialAction":[{"@type":"ReadAction","target":["https:\/\/sisisoftware.es\/it\/prodotto\/abbonamento-bronzo-mensile\/"]}]},{"@type":"BreadcrumbList","@id":"https:\/\/sisisoftware.es\/it\/prodotto\/abbonamento-bronzo-mensile\/#breadcrumb","itemListElement":[{"@type":"ListItem","position":1,"name":"Portada","item":"https:\/\/sisisoftware.es\/it\/"},{"@type":"ListItem","position":2,"name":"Negozio","item":"https:\/\/sisisoftware.es\/it\/negozio\/"},{"@type":"ListItem","position":3,"name":"Abbonamento Bronzo Mensile"}]},{"@type":"WebSite","@id":"https:\/\/sisisoftware.es\/it\/#website","url":"https:\/\/sisisoftware.es\/it\/","name":"Realizzazione siti web","description":"Visibilit\u00e0 online per il tuo business","publisher":{"@id":"https:\/\/sisisoftware.es\/it\/#organization"},"potentialAction":[{"@type":"SearchAction","target":{"@type":"EntryPoint","urlTemplate":"https:\/\/sisisoftware.es\/it\/?s={search_term_string}"},"query-input":{"@type":"PropertyValueSpecification","valueRequired":true,"valueName":"search_term_string"}}],"inLanguage":"it-IT"},{"@type":"Organization","@id":"https:\/\/sisisoftware.es\/it\/#organization","name":"SISI Software Gand\u00eda (Valencia)","url":"https:\/\/sisisoftware.es\/it\/","logo":{"@type":"ImageObject","inLanguage":"it-IT","@id":"https:\/\/sisisoftware.es\/it\/#\/schema\/logo\/image\/","url":"https:\/\/sisisoftware.es\/wp-content\/uploads\/2023\/05\/SISI_logo_ES_esteso.png","contentUrl":"https:\/\/sisisoftware.es\/wp-content\/uploads\/2023\/05\/SISI_logo_ES_esteso.png","width":1000,"height":288,"caption":"SISI Software Gand\u00eda (Valencia)"},"image":{"@id":"https:\/\/sisisoftware.es\/it\/#\/schema\/logo\/image\/"},"sameAs":["https:\/\/www.facebook.com\/sisisoftwareES","https:\/\/www.instagram.com\/sisisoftware_espanol\/"]}]}},"_links":{"self":[{"href":"https:\/\/sisisoftware.es\/it\/wp-json\/wp\/v2\/product\/269","targetHints":{"allow":["GET"]}}],"collection":[{"href":"https:\/\/sisisoftware.es\/it\/wp-json\/wp\/v2\/product"}],"about":[{"href":"https:\/\/sisisoftware.es\/it\/wp-json\/wp\/v2\/types\/product"}],"wp:attachment":[{"href":"https:\/\/sisisoftware.es\/it\/wp-json\/wp\/v2\/media?parent=269"}],"wp:term":[{"taxonomy":"product_brand","embeddable":true,"href":"https:\/\/sisisoftware.es\/it\/wp-json\/wp\/v2\/product_brand?post=269"},{"taxonomy":"product_cat","embeddable":true,"href":"https:\/\/sisisoftware.es\/it\/wp-json\/wp\/v2\/product_cat?post=269"},{"taxonomy":"product_tag","embeddable":true,"href":"https:\/\/sisisoftware.es\/it\/wp-json\/wp\/v2\/product_tag?post=269"}],"curies":[{"name":"wp","href":"https:\/\/api.w.org\/{rel}","templated":true}]}}